{"id":6,"date":"2024-01-30T14:56:41","date_gmt":"2024-01-30T17:56:41","guid":{"rendered":"https:\/\/zezimbike.com.br\/index.php\/one-page-express\/"},"modified":"2024-02-05T21:40:08","modified_gmt":"2024-02-06T00:40:08","slug":"one-page-express","status":"publish","type":"page","link":"https:\/\/zezimbike.com.br\/","title":{"rendered":"Front Page"},"content":{"rendered":"<div  id=\"overlapable-2\" style=\"background-color: #ffffff;\" data-label=\"Overlapable\" data-id=\"stripped-coloured-icon-boxes\" data-category=\"overlapable\" class=\"features-coloured-icon-boxes-section\" data-overlap=\"true\"> <div  class=\"gridContainer\"> <div  class=\"features-coloured-icon-boxes-innerrow flexbox-list dark-text\" data-type=\"row\"> <div  class=\"features-coloured-icon-boxes-featurecol cp3cols\"> <div  class=\"features-coloured-icon-boxes-iconcontainer\" data-content-item-container=\"true\"> <i  data-cp-fa=\"true\" class=\"features-coloured-icon fa fa-bicycle\"><\/i> <\/div> <h4  class=\"\">REVIS\u00c3O GERAL<\/h4> <p  class=\"\">Renove sua bike! Nossa revis\u00e3o vai al\u00e9m de trocar pe\u00e7as e fazer reparos. Ao devolv\u00ea-la, garantimos n\u00e3o apenas um pedal seguro, mas tamb\u00e9m um melhor desempenho. E, claro, entregamos sua bike limpinha, pronta para novas aventuras!<\/p>  <\/div> <div  class=\"features-coloured-icon-boxes-featurecol cp3cols\"> <div  class=\"features-coloured-icon-boxes-iconcontainer\" data-content-item-container=\"true\"> <i  data-cp-fa=\"true\" class=\"features-coloured-icon fa fa-product-hunt\"><\/i> <\/div> <h4  class=\"\">PE\u00c7AS<\/h4> <p  class=\"\">Dispomos de um pequeno estoque de pe\u00e7as para reposi\u00e7\u00e3o, garantindo agilidade e efici\u00eancia em cada servi\u00e7o. Tamb\u00e9m orientamos nossos clientes na aquisi\u00e7\u00e3o de pe\u00e7as de alto desempenho.<\/p>  <\/div>  <div  class=\"features-coloured-icon-boxes-featurecol cp3cols\"> <div  class=\"features-coloured-icon-boxes-iconcontainer\" data-content-item-container=\"true\"> <i  data-cp-fa=\"true\" class=\"features-coloured-icon fa fa-buysellads\"><\/i> <\/div> <h4  class=\"\">ACESS\u00d3RIOS<\/h4> <p  class=\"\">Personalize sua bicicleta conosco! Em nossa oficina, dispomos de acess\u00f3rios para deixar sua bike ao seu gosto, atendendo \u00e0s suas necessidades e estilo. Fa\u00e7a-nos uma visita e descubra as op\u00e7\u00f5es dispon\u00edveis.<\/p>  <\/div> <\/div> <\/div><\/div><div  id=\"about-1\" style=\"background-color: #f6f6f6;\" data-label=\"About\" data-id=\"about-big-images-section\" data-category=\"about\" class=\"about-big-images-section\"> <div  class=\"\"> <div  class=\"about-big-images-textrow\"> <div  class=\"about-big-images-textcol dynamic-color\" data-type=\"column\">     <h2  class=\"\">SOBRE N\u00d3S<\/h2><p  class=\"\"><\/p><p  class=\"MsoNormal\"><span  style=\"font-size: 18.0pt; line-height: 115%;\">H\u00e1 23 anos, nascia em Goi\u00e2nia a Zezim Bike, uma oficina de bicicletas fundada por Jos\u00e9 Claro Silva Coelho, um profissional experiente com 30 anos de dedica\u00e7\u00e3o. Atualmente, localizada no setor sudoeste da cidade, a Zezim Bike \u00e9 reconhecida como refer\u00eancia no cuidado de bicicletas na regi\u00e3o.\n<br ><br > O profissionalismo de Jos\u00e9 Claro \u00e9 evidenciado pela excel\u00eancia t\u00e9cnica, atendimento personalizado e inova\u00e7\u00e3o nos servi\u00e7os oferecidos. Ao longo dos anos, constru\u00edmos relacionamentos s\u00f3lidos baseados em qualidade, comprometimento e aten\u00e7\u00e3o. \n<br ><br >A confian\u00e7a dos nossos clientes \u00e9 a nossa constante motiva\u00e7\u00e3o para buscar sempre a excel\u00eancia em nossos servi\u00e7os. A satisfa\u00e7\u00e3o e fidelidade deles s\u00e3o testemunhos vivos da nossa dedica\u00e7\u00e3o em proporcionar n\u00e3o apenas servi\u00e7os de excel\u00eancia, mas tamb\u00e9m uma experi\u00eancia confi\u00e1vel e gratificante.<o  :p=\"\"><\/o><\/span><\/p>\n\n\n\n<h2  class=\"\">CONSERTO DE BICICLETA NA REGI\u00c3O\nSUDOESTE DE GOI\u00c2NIA<\/h2><\/div> <\/div> <\/div> <div  class=\"about-big-images-bottomrow\"> <div  class=\"about-big-images-leftimgcol\"><img  fetchpriority=\"high\" data-lazyloaded=\"1\" data-placeholder-resp=\"1200x1200\" src=\"https:\/\/zezimbike.com.br\/wp-content\/uploads\/2024\/02\/conserto-em-bike.jpg\" decoding=\"async\" class=\"about-big-images-leftimg entered litespeed-loaded\" data-src=\"https:\/\/zezimbike.com.br\/wp-content\/plugins\/one-page-express-companion\/theme-data\/one-page-express\/sections\/images\/nordwood-themes-180852.jpg\" data-ll-status=\"loaded\" alt=\"\"> <\/div> <div  class=\"about-big-images-centerimgcol\"><img  data-lazyloaded=\"1\" data-placeholder-resp=\"1920x1275\" src=\"https:\/\/zezimbike.com.br\/wp-content\/uploads\/2024\/02\/revisao-geral-em-bike.jpg\" decoding=\"async\" class=\"about-big-images-centerimg entered litespeed-loaded\" data-src=\"https:\/\/zezimbike.com.br\/wp-content\/plugins\/one-page-express-companion\/theme-data\/one-page-express\/sections\/images\/ir5likvfqc4-william-iven-1920x1275.jpg\" data-ll-status=\"loaded\" alt=\"\"> <\/div> <div  class=\"about-big-images-rightimgcol\"><img  data-lazyloaded=\"1\" data-placeholder-resp=\"1200x797\" src=\"https:\/\/zezimbike.com.br\/wp-content\/uploads\/2024\/02\/pecas-para-bike.jpg\" decoding=\"async\" class=\"about-big-images-rightimg entered litespeed-loaded\" data-src=\"https:\/\/zezimbike.com.br\/wp-content\/plugins\/one-page-express-companion\/theme-data\/one-page-express\/sections\/images\/project1.jpg\" data-ll-status=\"loaded\" alt=\"\"> <\/div> <\/div> <\/div><div  id=\"content-3\" style=\"background-color: #ffffff;\" data-label=\"Content\" data-id=\"content-image-left\" data-category=\"content\" class=\"content-left-image-section\"> <div  class=\"\"> <div  class=\"row\"> <div  class=\"content-left-image-imgcol\" data-type=\"column\"> <img  data-lazyloaded=\"1\" data-placeholder-resp=\"1200x797\" src=\"https:\/\/zezimbike.com.br\/wp-content\/uploads\/2024\/02\/comentarios-zezim-bike.png\" decoding=\"async\" data-src=\"https:\/\/zezimbike.com.br\/wp-content\/plugins\/one-page-express-companion\/theme-data\/one-page-express\/sections\/images\/project1.jpg\" class=\"entered litespeed-loaded\" data-ll-status=\"loaded\" alt=\"\"> <\/div> <div  class=\"content-left-image-textcol dynamic-color\" data-type=\"column\"> <h2  class=\"\">&nbsp;O QUE FALAM SOBRE N\u00d3S<\/h2> <p  class=\"large_text\"> O que nossos clientes dizem sobre n\u00f3s fala por si s\u00f3, revelando os qu\u00e3o satisfeitos ficam. \n<br ><br >Sempre buscamos compreender as necessidades de cada cliente e assim oferecer solu\u00e7\u00f5es personalizadas. \n<br ><br >A rapidez, efici\u00eancia e transpar\u00eancia nos servi\u00e7os tamb\u00e9m s\u00e3o destacadas, tornando a Zezim Bike uma escolha confi\u00e1vel para os amantes de bicicletas. <\/p>  <\/div> <\/div> <\/div> <\/div><div  id=\"content-4\" style=\"background-color: #f6f6f6;\" data-label=\"Content\" data-id=\"content-image-right\" data-category=\"content\" class=\"content-right-image-section\"> <div  class=\"\"> <div  class=\"content-right-image-gridcol\"> <div  class=\"content-right-image-textcol dynamic-color\" data-type=\"column\"> <h2  class=\"\">&nbsp;ONDE ESTAMOS<\/h2> <p  class=\"large_text\">Av. C-12, 729 \u2013 St. Sudoeste, Goi\u00e2nia \u2013 GO, 74305-010<br >Telefone: (62) 98193-4067<\/p> <a class=\"button blue\" href=\"https:\/\/maps.app.goo.gl\/QsumeJpjcog5qiJUA\" target=\"_blank\" rel=\"noopener\"> Clique aqui e venha at\u00e9 nos <\/a> <\/div> <div  class=\"content-right-image-imgcol\" data-type=\"column\"> <img  data-lazyloaded=\"1\" data-placeholder-resp=\"1200x797\" src=\"https:\/\/zezimbike.com.br\/wp-content\/uploads\/2024\/02\/localizacao-zezim-bike.png\" decoding=\"async\" data-src=\"https:\/\/zezimbike.com.br\/wp-content\/plugins\/one-page-express-companion\/theme-data\/one-page-express\/sections\/images\/project1.jpg\" class=\"entered litespeed-loaded\" data-ll-status=\"loaded\" alt=\"\"> <\/div> <\/div> <\/div> <\/div>","protected":false},"excerpt":{"rendered":"<p>REVIS\u00c3O GERAL Renove sua bike! Nossa revis\u00e3o vai al\u00e9m de trocar pe\u00e7as e fazer reparos. Ao devolv\u00ea-la, garantimos n\u00e3o apenas um pedal seguro, mas tamb\u00e9m um melhor desempenho. E, claro, entregamos sua bike limpinha, pronta para novas aventuras! PE\u00c7AS Dispomos de um pequeno estoque de pe\u00e7as para reposi\u00e7\u00e3o, garantindo agilidade e efici\u00eancia em cada servi\u00e7o.&hellip; <br \/> <a class=\"button small blue\" href=\"https:\/\/zezimbike.com.br\/index.php\/2024\/01\/30\/ola-mundo\/\">Leia mais<\/a><\/p>\n","protected":false},"author":1,"featured_media":0,"parent":0,"menu_order":0,"comment_status":"closed","ping_status":"closed","template":"","meta":{"footnotes":""},"class_list":["post-6","page","type-page","status-publish","hentry"],"_links":{"self":[{"href":"https:\/\/zezimbike.com.br\/index.php\/wp-json\/wp\/v2\/pages\/6","targetHints":{"allow":["GET"]}}],"collection":[{"href":"https:\/\/zezimbike.com.br\/index.php\/wp-json\/wp\/v2\/pages"}],"about":[{"href":"https:\/\/zezimbike.com.br\/index.php\/wp-json\/wp\/v2\/types\/page"}],"author":[{"embeddable":true,"href":"https:\/\/zezimbike.com.br\/index.php\/wp-json\/wp\/v2\/users\/1"}],"replies":[{"embeddable":true,"href":"https:\/\/zezimbike.com.br\/index.php\/wp-json\/wp\/v2\/comments?post=6"}],"version-history":[{"count":0,"href":"https:\/\/zezimbike.com.br\/index.php\/wp-json\/wp\/v2\/pages\/6\/revisions"}],"wp:attachment":[{"href":"https:\/\/zezimbike.com.br\/index.php\/wp-json\/wp\/v2\/media?parent=6"}],"curies":[{"name":"wp","href":"https:\/\/api.w.org\/{rel}","templated":true}]}}